{"id":145,"date":"2021-06-06T13:45:50","date_gmt":"2021-06-06T10:45:50","guid":{"rendered":"http:\/\/www.moditercume.com\/?page_id=145"},"modified":"2021-06-06T14:28:55","modified_gmt":"2021-06-06T11:28:55","slug":"diller","status":"publish","type":"page","link":"https:\/\/www.moditercume.com\/index.php\/diller\/","title":{"rendered":"Diller"},"content":{"rendered":"\n<h3 class=\"wp-block-heading\">TERC\u00dcME H\u0130ZMET\u0130 VERD\u0130\u011e\u0130M\u0130Z D\u0130LLER<\/h3>\n\n\n\n<p>G\u00fcrc\u00fcce ,Almanca, Azerice, Bo\u015fnak\u00e7a, Bulgarca, \u00c7ek\u00e7e, \u00c7ince, Ermenice, Fars\u00e7a, Fince,Felemenk\u00e7e Frans\u0131zca,Hollandaca, \u0130ngilizce, \u0130spanyolca, \u0130sve\u00e7\u00e7e, \u0130talyanca, Japonca, Kazak\u00e7a, K\u0131rg\u0131zca , Korece , Latince , Leh\u00e7e , Macarca , Makedonca , Moldovca ,Osmanl\u0131ca, \u00d6zbek\u00e7e, Portekizce, Romence, Rus\u00e7a, Tacik\u00e7e, T\u00fcrkmence, Ukraynaca,Urduca, Uygurca, Yunanca ve di\u011ferleri..<\/p>\n\n\n\n<h3 class=\"wp-block-heading\">\u00c7apraz Terc\u00fcme Hizmetleri<\/h3>\n\n\n\n<p>G\u00fcrc\u00fcce \u2013 \u0130ngilizce &#8211; G\u00fcrc\u00fcce<\/p>\n\n\n\n<p>G\u00fcrc\u00fcce &#8211; Almanca- G\u00fcrc\u00fcce<\/p>\n\n\n\n<p>G\u00fcrc\u00fcce -Frans\u0131zca- G\u00fcrc\u00fcce<\/p>\n\n\n\n<p>G\u00fcrc\u00fcce- Rus\u00e7a- G\u00fcrc\u00fcce<\/p>\n\n\n\n<p>G\u00fcrc\u00fcce- Ukraynaca- G\u00fcrc\u00fcce<\/p>\n\n\n\n<p>Rus\u00e7a- Ukraynaca- G\u00fcrc\u00fcce<\/p>\n\n\n\n<p>Rus\u00e7a &#8211; \u0130ngilizce- G\u00fcrc\u00fcce<\/p>\n\n\n\n<p>G\u00fcrc\u00fcce-Ermenice- G\u00fcrc\u00fcce<\/p>\n\n\n\n<p>G\u00fcrc\u00fcce- Azerice- G\u00fcrc\u00fcce<\/p>\n\n\n\n<p>G\u00fcrc\u00fcce- T\u00fcrk\u00e7e- G\u00fcrc\u00fcce<\/p>\n\n\n\n<p>G\u00fcrc\u00fcce &#8211; \u00c7ince- G\u00fcrc\u00fcce<\/p>\n\n\n\n<p>G\u00fcrc\u00fcc- \u0130spanyolca- G\u00fcrc\u00fcce<\/p>\n\n\n\n<p>G\u00fcrc\u00fcce- \u0130talyanca- G\u00fcrc\u00fcce<\/p>\n\n\n\n<p>G\u00fcrc\u00fcce- Portekizce- G\u00fcrc\u00fcce<\/p>\n\n\n\n<p>G\u00fcrc\u00fcce- Yunanca- G\u00fcrc\u00fcce<\/p>\n","protected":false},"excerpt":{"rendered":"<p>TERC\u00dcME H\u0130ZMET\u0130 VERD\u0130\u011e\u0130M\u0130Z D\u0130LLER G\u00fcrc\u00fcce ,Almanca, Azerice, Bo\u015fnak\u00e7a, Bulgarca, \u00c7ek\u00e7e, \u00c7ince, Ermenice, Fars\u00e7a, Fince,Felemenk\u00e7e Frans\u0131zca,Hollandaca, \u0130ngilizce, \u0130spanyolca, \u0130sve\u00e7\u00e7e, \u0130talyanca, Japonca, Kazak\u00e7a, K\u0131rg\u0131zca , Korece , Latince , Leh\u00e7e , Macarca , Makedonca , Moldovca ,Osmanl\u0131ca, \u00d6zbek\u00e7e, Portekizce, Romence, Rus\u00e7a, Tacik\u00e7e, T\u00fcrkmence, Ukraynaca,Urduca, Uygurca, Yunanca ve di\u011ferleri.. \u00c7apraz Terc\u00fcme Hizmetleri G\u00fcrc\u00fcce \u2013 \u0130ngilizce &#8211; G\u00fcrc\u00fcce G\u00fcrc\u00fcce [&hellip;]<\/p>\n","protected":false},"author":1,"featured_media":0,"parent":0,"menu_order":0,"comment_status":"closed","ping_status":"closed","template":"","meta":{"saved_in_kubio":false,"footnotes":""},"class_list":["post-145","page","type-page","status-publish","hentry"],"kubio_ai_page_context":{"short_desc":"","purpose":"general"},"_links":{"self":[{"href":"https:\/\/www.moditercume.com\/index.php\/wp-json\/wp\/v2\/pages\/145","targetHints":{"allow":["GET"]}}],"collection":[{"href":"https:\/\/www.moditercume.com\/index.php\/wp-json\/wp\/v2\/pages"}],"about":[{"href":"https:\/\/www.moditercume.com\/index.php\/wp-json\/wp\/v2\/types\/page"}],"author":[{"embeddable":true,"href":"https:\/\/www.moditercume.com\/index.php\/wp-json\/wp\/v2\/users\/1"}],"replies":[{"embeddable":true,"href":"https:\/\/www.moditercume.com\/index.php\/wp-json\/wp\/v2\/comments?post=145"}],"version-history":[{"count":2,"href":"https:\/\/www.moditercume.com\/index.php\/wp-json\/wp\/v2\/pages\/145\/revisions"}],"predecessor-version":[{"id":160,"href":"https:\/\/www.moditercume.com\/index.php\/wp-json\/wp\/v2\/pages\/145\/revisions\/160"}],"wp:attachment":[{"href":"https:\/\/www.moditercume.com\/index.php\/wp-json\/wp\/v2\/media?parent=145"}],"curies":[{"name":"wp","href":"https:\/\/api.w.org\/{rel}","templated":true}]}}