{"id":148,"date":"2021-06-06T13:46:12","date_gmt":"2021-06-06T10:46:12","guid":{"rendered":"http:\/\/www.moditercume.com\/?page_id=148"},"modified":"2021-06-06T14:29:56","modified_gmt":"2021-06-06T11:29:56","slug":"ik","status":"publish","type":"page","link":"https:\/\/www.moditercume.com\/index.php\/ik\/","title":{"rendered":"\u0130K"},"content":{"rendered":"\n<h3 class=\"wp-block-heading\">Bizimle \u00c7al\u0131\u015fmak \u0130ster misiniz?<\/h3>\n\n\n\n<p>Modi Terc\u00fcme B\u00fcrosu olarak Sizleri de bizim ekibimizde g\u00f6rmek isteriz. Sizde ekibimize kat\u0131lmak istiyorsan\u0131z ik@moditercume.com adresimize CV\u2019nizi g\u00f6nderebilirsiniz.<\/p>\n","protected":false},"excerpt":{"rendered":"<p>Bizimle \u00c7al\u0131\u015fmak \u0130ster misiniz? Modi Terc\u00fcme B\u00fcrosu olarak Sizleri de bizim ekibimizde g\u00f6rmek isteriz. Sizde ekibimize kat\u0131lmak istiyorsan\u0131z ik@moditercume.com adresimize CV\u2019nizi g\u00f6nderebilirsiniz.<\/p>\n","protected":false},"author":1,"featured_media":0,"parent":0,"menu_order":0,"comment_status":"closed","ping_status":"closed","template":"","meta":{"saved_in_kubio":false,"footnotes":""},"class_list":["post-148","page","type-page","status-publish","hentry"],"kubio_ai_page_context":{"short_desc":"","purpose":"general"},"_links":{"self":[{"href":"https:\/\/www.moditercume.com\/index.php\/wp-json\/wp\/v2\/pages\/148","targetHints":{"allow":["GET"]}}],"collection":[{"href":"https:\/\/www.moditercume.com\/index.php\/wp-json\/wp\/v2\/pages"}],"about":[{"href":"https:\/\/www.moditercume.com\/index.php\/wp-json\/wp\/v2\/types\/page"}],"author":[{"embeddable":true,"href":"https:\/\/www.moditercume.com\/index.php\/wp-json\/wp\/v2\/users\/1"}],"replies":[{"embeddable":true,"href":"https:\/\/www.moditercume.com\/index.php\/wp-json\/wp\/v2\/comments?post=148"}],"version-history":[{"count":3,"href":"https:\/\/www.moditercume.com\/index.php\/wp-json\/wp\/v2\/pages\/148\/revisions"}],"predecessor-version":[{"id":161,"href":"https:\/\/www.moditercume.com\/index.php\/wp-json\/wp\/v2\/pages\/148\/revisions\/161"}],"wp:attachment":[{"href":"https:\/\/www.moditercume.com\/index.php\/wp-json\/wp\/v2\/media?parent=148"}],"curies":[{"name":"wp","href":"https:\/\/api.w.org\/{rel}","templated":true}]}}