{"id":36,"date":"2021-04-13T22:10:12","date_gmt":"2021-04-13T19:10:12","guid":{"rendered":"http:\/\/www.moditercume.com\/?page_id=36"},"modified":"2021-06-07T00:07:53","modified_gmt":"2021-06-06T21:07:53","slug":"hizmetlerimiz","status":"publish","type":"page","link":"https:\/\/www.moditercume.com\/index.php\/hizmetlerimiz\/","title":{"rendered":"Hizmetlerimiz"},"content":{"rendered":"\n<div class=\"wp-block-group\"><div class=\"wp-block-group__inner-container is-layout-flow wp-block-group-is-layout-flow\">\n<h3 class=\"wp-block-heading\"><strong>Yaz\u0131l\u0131 Terc\u00fcme Hizmetlerimiz<\/strong><\/h3>\n<\/div><\/div>\n\n\n\n<p>Modi Terc\u00fcme Hizmetleri olarak&nbsp;Yaz\u0131l\u0131 terc\u00fcme&nbsp; hizmetleri kapsam\u0131nda bir\u00e7ok dilde ve bir\u00e7ok alanda prati\u011fi ve deneyimi olan terc\u00fcmanlar\u0131m\u0131z ile Yaz\u0131l\u0131 terc\u00fcme hizmetleri vermekteyiz. \u00c7eviri taleplerinizde, \u00e7eviri olacak belgelerinizi info@moditercume.com adresinden e-posta atarak veya +90 533 973 34 08 telefon numaras\u0131 \u00fczerinden Watsapp veya Bip uygulamas\u0131ndan ula\u015ft\u0131rabilir ve k\u0131sa s\u00fcrede teklif alabilirsiniz.<\/p>\n\n\n\n<p><\/p>\n\n\n\n<h3 class=\"wp-block-heading\"><strong>S\u00f6zl\u00fc Terc\u00fcme Hizmetlerimiz<\/strong><\/h3>\n\n\n\n<p>Modi Terc\u00fcme Hizmetleri olarak\u00a0s\u00f6zl\u00fc terc\u00fcme\u00a0hizmetleri kapsam\u0131nda bir\u00e7ok dilde ve bir\u00e7ok alanda prati\u011fi ve deneyimi olan terc\u00fcmanlar\u0131m\u0131z ile Ard\u0131l, E\u015fzamanl\u0131 (Simultane) terc\u00fcme hizmetleri vermekteyiz. Yeminli terc\u00fcmanlar\u0131m\u0131z ile sizlere: <\/p>\n\n\n\n<p>Noter Huzurunda Terc\u00fcme <\/p>\n\n\n\n<p>Mahkeme Huzurunda Terc\u00fcme <\/p>\n\n\n\n<p>Toplant\u0131larda Terc\u00fcme <\/p>\n\n\n\n<p>Seminerlerde Terc\u00fcme <\/p>\n\n\n\n<p>Davetlerde Terc\u00fcme <\/p>\n\n\n\n<p>Nik\u00e2h T\u00f6renlerinde Terc\u00fcme <\/p>\n\n\n\n<p>Gezi ve Seyahatlerde hizmet verebiliriz. S\u00f6zl\u00fc \u00c7eviri taleplerinizde info@moditercume.com adresinden e-posta atarak, +90 533 973 34 08 telefon numaras\u0131ndan ileti\u015fime ge\u00e7erek veya Watsapp veya Bip uygulamas\u0131ndan yazarak k\u0131sa s\u00fcrede teklif alabilirsiniz.<\/p>\n\n\n\n<p><\/p>\n\n\n\n<h3 class=\"wp-block-heading\"><strong>\u00c7apraz Terc\u00fcme Hizmetlerimiz<\/strong><\/h3>\n\n\n\n<p>Modi Terc\u00fcme Hizmetleri olarak&nbsp;Yaz\u0131l\u0131 terc\u00fcme&nbsp; hizmetleri kapsam\u0131nda bir\u00e7ok dilde ve bir\u00e7ok alanda prati\u011fi ve deneyimi olan terc\u00fcmanlar\u0131m\u0131z ile \u00c7apraz Yaz\u0131l\u0131 terc\u00fcme hizmetleri vermekteyiz. \u00c7apraz Yaz\u0131l\u0131 Terc\u00fcme yapt\u0131\u011f\u0131m\u0131z Diller ;<\/p>\n\n\n\n<p>G\u00fcrc\u00fcce \u2013 \u0130ngilizce &#8211; G\u00fcrc\u00fcce<\/p>\n\n\n\n<p>G\u00fcrc\u00fcce &#8211; Almanca- G\u00fcrc\u00fcce<\/p>\n\n\n\n<p>G\u00fcrc\u00fcce -Frans\u0131zca- G\u00fcrc\u00fcce<\/p>\n\n\n\n<p>G\u00fcrc\u00fcce- Rus\u00e7a- G\u00fcrc\u00fcce<\/p>\n\n\n\n<p>G\u00fcrc\u00fcce- Ukraynaca- G\u00fcrc\u00fcce<\/p>\n\n\n\n<p>Rus\u00e7a- Ukraynaca- G\u00fcrc\u00fcce<\/p>\n\n\n\n<p>Rus\u00e7a &#8211; \u0130ngilizce- G\u00fcrc\u00fcce<\/p>\n\n\n\n<p>G\u00fcrc\u00fcce-Ermenice- G\u00fcrc\u00fcce<\/p>\n\n\n\n<p>G\u00fcrc\u00fcce- Azerice- G\u00fcrc\u00fcce<\/p>\n\n\n\n<p>G\u00fcrc\u00fcce- T\u00fcrk\u00e7e- G\u00fcrc\u00fcce<\/p>\n\n\n\n<p>G\u00fcrc\u00fcce &#8211; \u00c7ince- G\u00fcrc\u00fcce<\/p>\n\n\n\n<p>G\u00fcrc\u00fcc- \u0130spanyolca- G\u00fcrc\u00fcce<\/p>\n\n\n\n<p>G\u00fcrc\u00fcce- \u0130talyanca- G\u00fcrc\u00fcce<\/p>\n\n\n\n<p>G\u00fcrc\u00fcce- Portekizce- G\u00fcrc\u00fcce<\/p>\n\n\n\n<p>G\u00fcrc\u00fcce- Yunanca- G\u00fcrc\u00fcce<\/p>\n\n\n\n<p>\u00c7apraz \u00c7eviri taleplerinizde, info@moditercume.com adresinden e-posta atarak veya +90 533 973 3408 telefon numaras\u0131 \u00fczerinden Watsapp veya Bip uygulamas\u0131ndan ula\u015ft\u0131rabilir ve k\u0131sa s\u00fcrede teklif alabilirsiniz.<\/p>\n","protected":false},"excerpt":{"rendered":"<p>Yaz\u0131l\u0131 Terc\u00fcme Hizmetlerimiz Modi Terc\u00fcme Hizmetleri olarak&nbsp;Yaz\u0131l\u0131 terc\u00fcme&nbsp; hizmetleri kapsam\u0131nda bir\u00e7ok dilde ve bir\u00e7ok alanda prati\u011fi ve deneyimi olan terc\u00fcmanlar\u0131m\u0131z ile Yaz\u0131l\u0131 terc\u00fcme hizmetleri vermekteyiz. \u00c7eviri taleplerinizde, \u00e7eviri olacak belgelerinizi info@moditercume.com adresinden e-posta atarak veya +90 533 973 34 08 telefon numaras\u0131 \u00fczerinden Watsapp veya Bip uygulamas\u0131ndan ula\u015ft\u0131rabilir ve k\u0131sa s\u00fcrede teklif alabilirsiniz. S\u00f6zl\u00fc Terc\u00fcme [&hellip;]<\/p>\n","protected":false},"author":1,"featured_media":0,"parent":0,"menu_order":0,"comment_status":"closed","ping_status":"closed","template":"","meta":{"saved_in_kubio":false,"footnotes":""},"class_list":["post-36","page","type-page","status-publish","hentry"],"kubio_ai_page_context":{"short_desc":"","purpose":"general"},"_links":{"self":[{"href":"https:\/\/www.moditercume.com\/index.php\/wp-json\/wp\/v2\/pages\/36","targetHints":{"allow":["GET"]}}],"collection":[{"href":"https:\/\/www.moditercume.com\/index.php\/wp-json\/wp\/v2\/pages"}],"about":[{"href":"https:\/\/www.moditercume.com\/index.php\/wp-json\/wp\/v2\/types\/page"}],"author":[{"embeddable":true,"href":"https:\/\/www.moditercume.com\/index.php\/wp-json\/wp\/v2\/users\/1"}],"replies":[{"embeddable":true,"href":"https:\/\/www.moditercume.com\/index.php\/wp-json\/wp\/v2\/comments?post=36"}],"version-history":[{"count":15,"href":"https:\/\/www.moditercume.com\/index.php\/wp-json\/wp\/v2\/pages\/36\/revisions"}],"predecessor-version":[{"id":167,"href":"https:\/\/www.moditercume.com\/index.php\/wp-json\/wp\/v2\/pages\/36\/revisions\/167"}],"wp:attachment":[{"href":"https:\/\/www.moditercume.com\/index.php\/wp-json\/wp\/v2\/media?parent=36"}],"curies":[{"name":"wp","href":"https:\/\/api.w.org\/{rel}","templated":true}]}}