{"id":6,"date":"2021-04-13T21:26:36","date_gmt":"2021-04-13T18:26:36","guid":{"rendered":"http:\/\/www.moditercume.com\/?page_id=6"},"modified":"2025-02-27T13:20:32","modified_gmt":"2025-02-27T10:20:32","slug":"hakkimizda","status":"publish","type":"page","link":"https:\/\/www.moditercume.com\/index.php\/hakkimizda\/","title":{"rendered":"Hakk\u0131m\u0131zda"},"content":{"rendered":"\n<p><br>Bizler T\u00fcrkiye Cumhuriyeti\u2019nde \u0130stanbul ilinde Ba\u015fta olmak \u00fczere T\u00fcrkiyenin T\u00fcm \u015fehirlerinde ve G\u00fcrcistan \u00fclkesinden Terc\u00fcme ve Dan\u0131\u015fmanl\u0131k Faaliyetlerinde bulunan bir firmay\u0131z. istanbul ilinde g\u00f6rd\u00fc\u011f\u00fc ticari hacimden kaynakl\u0131 ve G\u00fcrcistandan gelen G\u00fcrcistan vatanda\u015flar\u0131na ve T\u00fcrkiyeden G\u00fcrcistana giden gerek ticari gerekse di\u011fer faaliyetler i\u00e7in gidenlere yard\u0131mc\u0131 olmak ad\u0131na gerekli g\u00f6rd\u00fc\u011f\u00fc i\u00e7in Terc\u00fcme ve dan\u0131\u015fmanl\u0131k \u015firketi kurmu\u015ftur. \u015eirket kurmadan ve kurduktan sonra say\u0131s\u0131zca resmi belge \u00e7evirilerini \u00f6zenle ve sorunsuz tamamlam\u0131\u015f ayr\u0131ca \u0130stanbul adliyelerinde bilirki\u015fi \u00e7evirmen olmas\u0131 sebebiyle say\u0131s\u0131zca mahkeme duru\u015fmalar\u0131na kat\u0131lm\u0131\u015ft\u0131r. ayr\u0131ca g\u00fcrcistandan gelen b\u00fcrokrasi yetkililere \u00e7evirmenlik yapm\u0131\u015f olup g\u00fcrc\u00fcce alan\u0131nda y\u00fcksek kalitede ve h\u0131zda \u00e7eviriler yapmaktad\u0131r. kendisi aslen T\u00fcrkiye g\u00fcrc\u00fclerinden olup ailece g\u00fcrc\u00fc k\u00f6kenlidir. g\u00fcrc\u00fcceyi ailesinden \u00f6\u011frenmi\u015f ve g\u00fcrcistanda lisans e\u011fitimi alarak geli\u015ftirmi\u015ftir. g\u00fcrc\u00fc olarak eski soyismi khabadze olup ailece ak\u0131c\u0131 g\u00fcrc\u00fcce konu\u015fmaktad\u0131r. Firmam\u0131z\u0131n ana kurulu\u015f amac\u0131 G\u00fcrcistandan gelen misafirlere birnebzede olsa yard\u0131mc\u0131 olmakt\u0131r. sizde e\u011fer t\u00fcrkiyede gerek ticari gerekse ikamet ama\u00e7l\u0131 geldiyseniz ve bu \u00fclkede gerekli olan ihtiya\u00e7lar\u0131n\u0131zda mevcut ileti\u015fim numars\u0131ndan ileti\u015fme ge\u00e7ip bilgi alabilrsiniz. hizmet verdi\u011fimiz alanlar\u0131 merak ediyorsan\u0131z hizmetlerimiz b\u00f6l\u00fcm\u00fcnde bulunan sekmeden detayl\u0131 inceleme yap\u0131p ileti\u015fime ge\u00e7ebilirsiniz.<\/p>\n\n\n\n<p>Neler Yap\u0131yoruz ;<\/p>\n\n\n\n<p>-T\u00fcrk\u00e7e-G\u00fcrc\u00fcce-T\u00fcrk\u00e7e Ba\u015fta Olmak \u00fczere T\u00fcm D\u00fcnya dillerinde Noter onayl\u0131 ve Yeminli Terc\u00fcme i\u015flemleri.<\/p>\n\n\n\n<p>-T\u00fcrk\u00e7e-G\u00fcrc\u00fcce-T\u00fcrk\u00e7e Ba\u015fta Olmak \u00fczere T\u00fcm D\u00fcnya dillerinde S\u00f6zl\u00fc Terc\u00fcme Faaliyetleri<\/p>\n\n\n\n<p>&#8211; T\u00fcrk\u00e7e-G\u00fcrc\u00fcce-T\u00fcrk\u00e7e Ba\u015fta Olmak \u00fczere T\u00fcm D\u00fcnya dillerinde S\u00f6zl\u00fc Terc\u00fcme Faaliyetleri<\/p>\n\n\n\n<p>&#8211; T\u00fcrk\u00e7e-G\u00fcrc\u00fcce-T\u00fcrk\u00e7e Ba\u015fta Olmak \u00fczere T\u00fcm D\u00fcnya dillerinde \u00c7eviri Onay\u0131ndan sonra Apostil Tasdik i\u015flemi<\/p>\n\n\n\n<p>-G\u00fcrcistan Konsoloslu\u011fundan Randev\u00fc alma hizmeti<\/p>\n\n\n\n<p>&#8211; T\u00fcrk\u00e7e-G\u00fcrc\u00fcce-T\u00fcrk\u00e7e Ba\u015fta Olmak \u00fczere T\u00fcm D\u00fcnya dillerinde Nikah \u0130\u015flemlerinde Terc\u00fcmanl\u0131k<\/p>\n\n\n\n<p>&#8211; T\u00fcrk\u00e7e-G\u00fcrc\u00fcce-T\u00fcrk\u00e7e Ba\u015fta Olmak \u00fczere T\u00fcm D\u00fcnya dillerinde Ticari toplant\u0131larda s\u00f6zl\u00fc \u00e7eviri hizmeti.<\/p>\n\n\n\n<p>-Yabanc\u0131lar i\u00e7in Sa\u011fl\u0131k ve Sigorta poli\u00e7esi<\/p>\n\n\n\n<p>-Yabanc\u0131lar i\u00e7in Oturma izin i\u015flemleri<\/p>\n\n\n\n<p>\u0130stanbul, Pendik b\u00f6lgesi ba\u015fta olmak \u00fczere T\u00fcrkiye genelinde Terc\u00fcme sekt\u00f6r\u00fcnde biriktirmi\u015f oldu\u011fumuz 19 y\u0131ll\u0131k deneyimimizle siz de\u011ferli m\u00fc\u015fterilerimize y\u00fcksek kalitede \u00e7eviri hizmetini en uygun fiyat avantaj\u0131yla sunmaktay\u0131z.<\/p>\n\n\n\n<p>Kaliteli \u00e7eviri ilkesini benimsemi\u015f olan firmam\u0131z, dilinde uzmanla\u015fm\u0131\u015f ekiplerimiz sayesinde \u00e7eviri hizmeti sunmaktay\u0131z.<\/p>\n\n\n\n<p>Bu kapsamda m\u00fc\u015fterilerimizin farkl\u0131 uzmanl\u0131k alanlar\u0131ndaki belgelerinin b\u00fct\u00fcn d\u00fcnya dillerinden T\u00fcrk\u00e7e\u2019 ye ve T\u00fcrk\u00e7e \u2019den b\u00fct\u00fcn d\u00fcnya dillerine terc\u00fcmesini yapmaktay\u0131z. Bizim i\u00e7in en \u00f6nemli konu, bize teslim etti\u011finiz belgelerinizin eksiksiz ve ayn\u0131 zamanda do\u011fru bir \u015fekilde terc\u00fcme edilmesi ve zaman\u0131nda sizlere ula\u015ft\u0131r\u0131lmas\u0131d\u0131r. Firmam\u0131z olarak d\u00fcr\u00fcstl\u00fck ve g\u00fcvenilirlik temel ilkemizdir. \u00d6d\u00fcn vermedi\u011fimiz tek husus \u00e7eviride kalitedir. \u2018G\u00fcveni kaybetmektense paray\u0131 kaybetmeyi tercih ederiz\u2019 slogan\u0131yla \u00e7\u0131kt\u0131\u011f\u0131m\u0131z bu hizmet yolunda siz de\u011ferli m\u00fc\u015fterilerimize hizmet vermeye her daim haz\u0131r oldu\u011fumuzu belirtmek isteriz.<\/p>\n\n\n\n<p>\u00c7eviri ihtiya\u00e7lar\u0131n\u0131zda profesyonel hizmet almak isterseniz l\u00fctfen bizimle ileti\u015fime ge\u00e7iniz.<\/p>\n\n\n\n<p><\/p>\n\n\n\n<p><\/p>\n","protected":false},"excerpt":{"rendered":"<p>Bizler T\u00fcrkiye Cumhuriyeti\u2019nde \u0130stanbul ilinde Ba\u015fta olmak \u00fczere T\u00fcrkiyenin T\u00fcm \u015fehirlerinde ve G\u00fcrcistan \u00fclkesinden Terc\u00fcme ve Dan\u0131\u015fmanl\u0131k Faaliyetlerinde bulunan bir firmay\u0131z. istanbul ilinde g\u00f6rd\u00fc\u011f\u00fc ticari hacimden kaynakl\u0131 ve G\u00fcrcistandan gelen G\u00fcrcistan vatanda\u015flar\u0131na ve T\u00fcrkiyeden G\u00fcrcistana giden gerek ticari gerekse di\u011fer faaliyetler i\u00e7in gidenlere yard\u0131mc\u0131 olmak ad\u0131na gerekli g\u00f6rd\u00fc\u011f\u00fc i\u00e7in Terc\u00fcme ve dan\u0131\u015fmanl\u0131k \u015firketi kurmu\u015ftur. \u015eirket [&hellip;]<\/p>\n","protected":false},"author":1,"featured_media":0,"parent":0,"menu_order":0,"comment_status":"closed","ping_status":"closed","template":"","meta":{"saved_in_kubio":false,"footnotes":""},"class_list":["post-6","page","type-page","status-publish","hentry"],"kubio_ai_page_context":{"short_desc":"","purpose":"general"},"_links":{"self":[{"href":"https:\/\/www.moditercume.com\/index.php\/wp-json\/wp\/v2\/pages\/6","targetHints":{"allow":["GET"]}}],"collection":[{"href":"https:\/\/www.moditercume.com\/index.php\/wp-json\/wp\/v2\/pages"}],"about":[{"href":"https:\/\/www.moditercume.com\/index.php\/wp-json\/wp\/v2\/types\/page"}],"author":[{"embeddable":true,"href":"https:\/\/www.moditercume.com\/index.php\/wp-json\/wp\/v2\/users\/1"}],"replies":[{"embeddable":true,"href":"https:\/\/www.moditercume.com\/index.php\/wp-json\/wp\/v2\/comments?post=6"}],"version-history":[{"count":6,"href":"https:\/\/www.moditercume.com\/index.php\/wp-json\/wp\/v2\/pages\/6\/revisions"}],"predecessor-version":[{"id":350,"href":"https:\/\/www.moditercume.com\/index.php\/wp-json\/wp\/v2\/pages\/6\/revisions\/350"}],"wp:attachment":[{"href":"https:\/\/www.moditercume.com\/index.php\/wp-json\/wp\/v2\/media?parent=6"}],"curies":[{"name":"wp","href":"https:\/\/api.w.org\/{rel}","templated":true}]}}