{"id":63,"date":"2021-06-03T15:54:00","date_gmt":"2021-06-03T12:54:00","guid":{"rendered":"http:\/\/www.moditercume.com\/?page_id=63"},"modified":"2021-06-03T15:55:29","modified_gmt":"2021-06-03T12:55:29","slug":"tercume-teklif-talep-formu","status":"publish","type":"page","link":"https:\/\/www.moditercume.com\/index.php\/tercume-teklif-talep-formu\/","title":{"rendered":"Teklif Talep Formu"},"content":{"rendered":"\n<p>Teklif formunu doldurup iletti\u011finizde ilgili birimimiz size en k\u0131sa s\u00fcrede d\u00f6n\u00fc\u015f sa\u011flayacakt\u0131r.<\/p>\n\n\n\n<br> <br>\n\n\n\n<p><\/p>\n\n\n\n<p><\/p>\n\n\n\n<div class=\"wp-block-contact-form-7-contact-form-selector\">\n<div class=\"wpcf7 no-js\" id=\"wpcf7-f58-o1\" lang=\"tr-TR\" dir=\"ltr\" data-wpcf7-id=\"58\">\n<div class=\"screen-reader-response\"><p role=\"status\" aria-live=\"polite\" aria-atomic=\"true\"><\/p> <ul><\/ul><\/div>\n<form action=\"\/index.php\/wp-json\/wp\/v2\/pages\/63#wpcf7-f58-o1\" method=\"post\" class=\"wpcf7-form init\" aria-label=\"\u0130leti\u015fim Formu\" enctype=\"multipart\/form-data\" novalidate=\"novalidate\" data-status=\"init\">\n<div style=\"display: none;\">\n<input type=\"hidden\" name=\"_wpcf7\" value=\"58\" \/>\n<input type=\"hidden\" name=\"_wpcf7_version\" value=\"6.0.4\" \/>\n<input type=\"hidden\" name=\"_wpcf7_locale\" value=\"tr_TR\" \/>\n<input type=\"hidden\" name=\"_wpcf7_unit_tag\" value=\"wpcf7-f58-o1\" \/>\n<input type=\"hidden\" name=\"_wpcf7_container_post\" value=\"0\" \/>\n<input type=\"hidden\" name=\"_wpcf7_posted_data_hash\" value=\"\" \/>\n<\/div>\n<tr>\n\t<td>\n\t\t<p><label> Ad\u0131n\u0131z Soyad\u0131n\u0131z<br \/>\n<span class=\"wpcf7-form-control-wrap\" data-name=\"your-name\"><input size=\"40\" maxlength=\"400\" class=\"wpcf7-form-control wpcf7-text wpcf7-validates-as-required\" aria-required=\"true\" aria-invalid=\"false\" value=\"\" type=\"text\" name=\"your-name\" \/><\/span> <\/label>\n\t\t<\/p>\n\t<\/td>\n\t<td>\n\t\t<p><label> E-posta adresiniz<br \/>\n<span class=\"wpcf7-form-control-wrap\" data-name=\"your-email\"><input size=\"40\" maxlength=\"400\" class=\"wpcf7-form-control wpcf7-email wpcf7-validates-as-required wpcf7-text wpcf7-validates-as-email\" aria-required=\"true\" aria-invalid=\"false\" value=\"\" type=\"email\" name=\"your-email\" \/><\/span> <\/label>\n\t\t<\/p>\n\t<\/td>\n\t<td>\n\t\t<p><label> Telefon Numaran\u0131z<br \/>\n<span class=\"wpcf7-form-control-wrap\" data-name=\"Telefon\"><input size=\"40\" maxlength=\"400\" class=\"wpcf7-form-control wpcf7-tel wpcf7-validates-as-required wpcf7-text wpcf7-validates-as-tel\" aria-required=\"true\" aria-invalid=\"false\" value=\"\" type=\"tel\" name=\"Telefon\" \/><\/span> <\/label>\n\t\t<\/p>\n\t<\/td>\n<\/tr>\n<tr>\n\t<td>\n\t\t<p><label> Kaynak Dil<br \/>\n<span class=\"wpcf7-form-control-wrap\" data-name=\"Kaynakdil\"><select class=\"wpcf7-form-control wpcf7-select wpcf7-validates-as-required\" aria-required=\"true\" aria-invalid=\"false\" name=\"Kaynakdil\"><option value=\"\">&#8212;L\u00fctfen bir se\u00e7enek se\u00e7in&#8212;<\/option><option value=\"Almanca\">Almanca<\/option><option value=\"Azerice\">Azerice<\/option><option value=\"Bo\u015fnak\u00e7a\">Bo\u015fnak\u00e7a<\/option><option value=\"Bulgarca\">Bulgarca<\/option><option value=\"\u00c7ek\u00e7e\">\u00c7ek\u00e7e<\/option><option value=\"\u00c7ince\">\u00c7ince<\/option><option value=\"Ermenice\">Ermenice<\/option><option value=\"Fars\u00e7a\">Fars\u00e7a<\/option><option value=\"Fince\">Fince<\/option><option value=\"Felemenk\u00e7e\">Felemenk\u00e7e<\/option><option value=\"Frans\u0131zca\">Frans\u0131zca<\/option><option value=\"G\u00fcrc\u00fcce\">G\u00fcrc\u00fcce<\/option><option value=\"Hollandaca\">Hollandaca<\/option><option value=\"\u0130ngilizce\">\u0130ngilizce<\/option><option value=\"\u0130spanyolca\">\u0130spanyolca<\/option><option value=\"\u0130sve\u00e7\u00e7e\">\u0130sve\u00e7\u00e7e<\/option><option value=\"\u0130talyanca\">\u0130talyanca<\/option><option value=\"Japonca\">Japonca<\/option><option value=\"Kazak\u00e7a\">Kazak\u00e7a<\/option><option value=\"K\u0131rg\u0131zca\">K\u0131rg\u0131zca<\/option><option value=\"Korece\">Korece<\/option><option value=\"Latince\">Latince<\/option><option value=\"Leh\u00e7e\">Leh\u00e7e<\/option><option value=\"Macarca\">Macarca<\/option><option value=\"Makedonca\">Makedonca<\/option><option value=\"Moldovca\">Moldovca<\/option><option value=\"Osmanl\u0131ca\">Osmanl\u0131ca<\/option><option value=\"\u00d6zbek\u00e7e\">\u00d6zbek\u00e7e<\/option><option value=\"Portekizce\">Portekizce<\/option><option value=\"Romence\">Romence<\/option><option value=\"Rus\u00e7a\">Rus\u00e7a<\/option><option value=\"Tacik\u00e7e\">Tacik\u00e7e<\/option><option value=\"T\u00fcrkce\">T\u00fcrkce<\/option><option value=\"T\u00fcrkmence\">T\u00fcrkmence<\/option><option value=\"Ukraynaca\">Ukraynaca<\/option><option value=\"Urduca\">Urduca<\/option><option value=\"Uygurca\">Uygurca<\/option><option value=\"Yunanca\">Yunanca<\/option><option value=\"Di\u011fer\">Di\u011fer<\/option><\/select><\/span> <\/label>\n\t\t<\/p>\n\t<\/td>\n<\/tr>\n<tr>\n\t<td>\n\t\t<p><label> Hedef Dil<br \/>\n<span class=\"wpcf7-form-control-wrap\" data-name=\"Hedefdil\"><select class=\"wpcf7-form-control wpcf7-select\" aria-invalid=\"false\" name=\"Hedefdil\"><option value=\"\">&#8212;L\u00fctfen bir se\u00e7enek se\u00e7in&#8212;<\/option><option value=\"Almanca\">Almanca<\/option><option value=\"Azerice\">Azerice<\/option><option value=\"Bo\u015fnak\u00e7a\">Bo\u015fnak\u00e7a<\/option><option value=\"Bulgarca\">Bulgarca<\/option><option value=\"\u00c7ek\u00e7e\">\u00c7ek\u00e7e<\/option><option value=\"\u00c7ince\">\u00c7ince<\/option><option value=\"Ermenice\">Ermenice<\/option><option value=\"Fars\u00e7a\">Fars\u00e7a<\/option><option value=\"Fince\">Fince<\/option><option value=\"Felemenk\u00e7e\">Felemenk\u00e7e<\/option><option value=\"Frans\u0131zca\">Frans\u0131zca<\/option><option value=\"G\u00fcrc\u00fcce\">G\u00fcrc\u00fcce<\/option><option value=\"Hollandaca\">Hollandaca<\/option><option value=\"\u0130ngilizce\">\u0130ngilizce<\/option><option value=\"\u0130spanyolca\">\u0130spanyolca<\/option><option value=\"\u0130sve\u00e7\u00e7e\">\u0130sve\u00e7\u00e7e<\/option><option value=\"\u0130talyanca\">\u0130talyanca<\/option><option value=\"Japonca\">Japonca<\/option><option value=\"Kazak\u00e7a\">Kazak\u00e7a<\/option><option value=\"K\u0131rg\u0131zca\">K\u0131rg\u0131zca<\/option><option value=\"Korece\">Korece<\/option><option value=\"Latince\">Latince<\/option><option value=\"Leh\u00e7e\">Leh\u00e7e<\/option><option value=\"Macarca\">Macarca<\/option><option value=\"Makedonca\">Makedonca<\/option><option value=\"Moldovca\">Moldovca<\/option><option value=\"Osmanl\u0131ca\">Osmanl\u0131ca<\/option><option value=\"\u00d6zbek\u00e7e\">\u00d6zbek\u00e7e<\/option><option value=\"Portekizce\">Portekizce<\/option><option value=\"Romence\">Romence<\/option><option value=\"Rus\u00e7a\">Rus\u00e7a<\/option><option value=\"Tacik\u00e7e\">Tacik\u00e7e<\/option><option value=\"T\u00fcrkce\">T\u00fcrkce<\/option><option value=\"T\u00fcrkmence\">T\u00fcrkmence<\/option><option value=\"Ukraynaca\">Ukraynaca<\/option><option value=\"Urduca\">Urduca<\/option><option value=\"Uygurca\">Uygurca<\/option><option value=\"Yunanca\">Yunanca<\/option><option value=\"Di\u011fer\">Di\u011fer<\/option><\/select><\/span> <\/label>\n\t\t<\/p>\n\t<\/td>\n<\/tr>\n<p><span class=\"wpcf7-form-control-wrap\" data-name=\"radio\"><span class=\"wpcf7-form-control wpcf7-radio\"><span class=\"wpcf7-list-item first\"><label><span class=\"wpcf7-list-item-label\">Kurum<\/span><input type=\"radio\" name=\"radio\" value=\"Kurum\" checked=\"checked\" \/><\/label><\/span><span class=\"wpcf7-list-item last\"><label><span class=\"wpcf7-list-item-label\">\u015eah\u0131s<\/span><input type=\"radio\" name=\"radio\" value=\"\u015eah\u0131s\" \/><\/label><\/span><\/span><\/span>\n<\/p>\n<tr>\n\t<td>\n\t\t<p><label> Katagori <\/label><span class=\"wpcf7-form-control-wrap\" data-name=\"Katagori\"><select class=\"wpcf7-form-control wpcf7-select\" aria-invalid=\"false\" name=\"Katagori\"><option value=\"\">&#8212;L\u00fctfen bir se\u00e7enek se\u00e7in&#8212;<\/option><option value=\"Hukuki\">Hukuki<\/option><option value=\"Teknik\">Teknik<\/option><option value=\"Medikal\">Medikal<\/option><option value=\"Web Sitesi\">Web Sitesi<\/option><option value=\"Akademik\">Akademik<\/option><\/select><\/span>\n\t\t<\/p>\n\t<\/td>\n\t<td>\n\t\t<p><label> Dosya <\/label><span class=\"wpcf7-form-control-wrap\" data-name=\"Dosya\"><input size=\"40\" class=\"wpcf7-form-control wpcf7-file\" accept=\"audio\/*,video\/*,image\/*\" aria-invalid=\"false\" type=\"file\" name=\"Dosya\" \/><\/span>\n\t\t<\/p>\n\t<\/td>\n<\/tr>\n<p><label> \u0130letiniz (tercihe ba\u011fl\u0131)<br \/>\n<span class=\"wpcf7-form-control-wrap\" data-name=\"your-message\"><textarea cols=\"40\" rows=\"10\" maxlength=\"2000\" class=\"wpcf7-form-control wpcf7-textarea\" aria-invalid=\"false\" name=\"your-message\"><\/textarea><\/span> <\/label>\n<\/p>\n<p><input class=\"wpcf7-form-control wpcf7-submit has-spinner\" type=\"submit\" value=\"Teklifi G\u00f6nder\" \/>\n<\/p><div class=\"wpcf7-response-output\" aria-hidden=\"true\"><\/div>\n<\/form>\n<\/div>\n<\/div>\n\n\n\n<p><\/p>\n","protected":false},"excerpt":{"rendered":"<p>Teklif formunu doldurup iletti\u011finizde ilgili birimimiz size en k\u0131sa s\u00fcrede d\u00f6n\u00fc\u015f sa\u011flayacakt\u0131r.<\/p>\n","protected":false},"author":1,"featured_media":0,"parent":0,"menu_order":0,"comment_status":"closed","ping_status":"closed","template":"","meta":{"saved_in_kubio":false,"footnotes":""},"class_list":["post-63","page","type-page","status-publish","hentry"],"kubio_ai_page_context":{"short_desc":"","purpose":"general"},"_links":{"self":[{"href":"https:\/\/www.moditercume.com\/index.php\/wp-json\/wp\/v2\/pages\/63","targetHints":{"allow":["GET"]}}],"collection":[{"href":"https:\/\/www.moditercume.com\/index.php\/wp-json\/wp\/v2\/pages"}],"about":[{"href":"https:\/\/www.moditercume.com\/index.php\/wp-json\/wp\/v2\/types\/page"}],"author":[{"embeddable":true,"href":"https:\/\/www.moditercume.com\/index.php\/wp-json\/wp\/v2\/users\/1"}],"replies":[{"embeddable":true,"href":"https:\/\/www.moditercume.com\/index.php\/wp-json\/wp\/v2\/comments?post=63"}],"version-history":[{"count":8,"href":"https:\/\/www.moditercume.com\/index.php\/wp-json\/wp\/v2\/pages\/63\/revisions"}],"predecessor-version":[{"id":72,"href":"https:\/\/www.moditercume.com\/index.php\/wp-json\/wp\/v2\/pages\/63\/revisions\/72"}],"wp:attachment":[{"href":"https:\/\/www.moditercume.com\/index.php\/wp-json\/wp\/v2\/media?parent=63"}],"curies":[{"name":"wp","href":"https:\/\/api.w.org\/{rel}","templated":true}]}}